{"id":7032,"date":"2022-05-03T15:16:34","date_gmt":"2022-05-03T13:16:34","guid":{"rendered":"https:\/\/www.domaine-la-bastidonne.com\/c-g-v\/"},"modified":"2024-09-24T16:35:57","modified_gmt":"2024-09-24T14:35:57","slug":"c-g-v","status":"publish","type":"page","link":"https:\/\/www.domaine-la-bastidonne.com\/en\/c-g-v\/","title":{"rendered":"C.G.V"},"content":{"rendered":"<p>Les pr\u00e9sentes conditions de vente s\u2019appliquent \u00e0 la vente des produits se trouvant sur le site  www.domaine-la-bastidonne.com<\/p>\n<h2>Article 1. Objet <\/h2>\n<p>Les pr\u00e9sentes conditions de vente s\u2019appliquent \u00e0 tout achat de produit effectu\u00e9 par le biais du site internet www.domaine-la-bastidonne.com.<br \/>\nL\u2019acquisition d\u2019un produit \u00e0 travers le pr\u00e9sent site implique une acceptation sans r\u00e9serve par l\u2019acheteur des pr\u00e9sentes conditions de vente dont l\u2019acheteur reconna\u00eet avoir pris connaissance pr\u00e9alablement \u00e0 sa commande.<br \/>\nAvant toute transaction, l\u2019acheteur d\u00e9clare d\u2019une part que l\u2019achat de produits sur le site www.domaine-la-bastidonne.com est sans rapport direct avec son activit\u00e9 professionnelle et est limit\u00e9 \u00e0 une utilisation strictement personnelle et d\u2019autre part avoir la pleine capacit\u00e9 juridique, lui permettant de s\u2019engager au titre des pr\u00e9sentes conditions g\u00e9n\u00e9rales de ventes.<br \/>\nLe Domaine de la Bastidonne conserve la possibilit\u00e9 de modifier \u00e0 tout moment ces conditions de ventes, afin de respecter toute nouvelle r\u00e9glementation ou dans le but d&#8217;am\u00e9liorer l\u2019utilisation de son site. De ce fait, les conditions applicables seront celles en vigueur \u00e0 la date de la commande par l\u2019acheteur.<\/p>\n<h2>Article 2. Produits<\/h2>\n<p>Les produits propos\u00e9s sont ceux qui figurent sur le site www.domaine-la-bastidonne.com dans la limite des stocks disponibles. Le Domaine de la Bastidonne se r\u00e9serve le droit de modifier \u00e0 tout moment l\u2019assortiment de produits. Chaque produit est pr\u00e9sent\u00e9 sur le site internet sous forme d\u2019un descriptif reprenant ses principales caract\u00e9ristiques techniques (contenance, utilisation, composition\u2026). Les photographies sont les plus fid\u00e8les possibles mais n\u2019engagent en rien le Vendeur. <\/p>\n<h2>Article 3. Tarifs<\/h2>\n<p>Les prix figurant sur les fiches produits du catalogue internet sont des prix en Euros (\u20ac) toutes taxes comprises (TTC) tenant compte de la TVA applicable au jour de la commande. Tout changement du taux de la TVA pourra \u00eatre r\u00e9percut\u00e9 sur le prix des produits.<br \/>\nLe Domaine de la Bastidonne se r\u00e9serve le droit de modifier ses prix \u00e0 tout moment, \u00e9tant toutefois entendu que le prix figurant au catalogue le jour de la commande sera le seul applicable \u00e0 l\u2019acheteur.<br \/>\nLe prix indiqu\u00e9 sur la fiche produit est indiqu\u00e9 hors frais de transport. Les frais de port sont factur\u00e9s en fonction du nombre de bouteilles et du poids final de la commande. Les commandes sont uniquement livr\u00e9es en France M\u00e9tropolitaine.<\/p>\n<h2>Article 4. Commande et modalit\u00e9s de paiement<\/h2>\n<p>Avant toute commande, l\u2019acheteur doit cr\u00e9er un compte sur le site www.domaine-la-bastidonne.com. La rubrique de cr\u00e9ation de compte est accessible directement depuis le header. A chaque visite, l\u2019acheteur, s\u2019il souhaite commander ou consulter son compte (\u00e9tat des commandes, profil\u2026), devra s\u2019identifier \u00e0 l\u2019aide de ces informations.<br \/>\nLe r\u00e8glement des marchandises s&#8217;effectue en totalit\u00e9 et uniquement \u00e0 la commande par carte bancaire type Carte Bleue, Visa, Eurocard Mastercard.<br \/>\nLa confirmation d\u2019une commande entra\u00eene acceptation des pr\u00e9sentes conditions de vente, la reconnaissance d\u2019en avoir parfaite connaissance et la renonciation \u00e0 se pr\u00e9valoir de ses propres conditions d\u2019achat. L\u2019ensemble des donn\u00e9es fournies et la confirmation enregistr\u00e9e vaudront preuve de la transaction. Si l\u2019acheteur poss\u00e8de une adresse \u00e9lectronique et s\u2019il l\u2019a renseign\u00e9e sur son bon de commande, le Domaine de la Bastidonne lui communiquera par courrier \u00e9lectronique la confirmation de l\u2019enregistrement de sa commande.<\/p>\n<h2>Article 5. R\u00e9tractation<\/h2>\n<p>En vertu de l\u2019article L121-20 du Code de la consommation, l\u2019acheteur dispose d&#8217;un d\u00e9lai de quatorze jours ouvrables \u00e0 compter de la livraison de leur commande pour exercer son droit de r\u00e9tractation et ainsi faire retour du produit au vendeur pour \u00e9change ou remboursement sans p\u00e9nalit\u00e9, \u00e0 l\u2019exception des frais de retour.<\/p>\n<h2>Article 6. Livraison<\/h2>\n<p>Les livraisons sont faites \u00e0 l\u2019adresse indiqu\u00e9e sur le bon de commande qui ne peut \u00eatre qu\u2019en France m\u00e9tropolitaine. Les commandes sont effectu\u00e9es par Une soci\u00e9t\u00e9 de transport. Les d\u00e9lais de livraison ne sont donn\u00e9s qu\u2019\u00e0 titre indicatif ; si ceux-ci d\u00e9passent trente jours \u00e0 compter de la commande, le contrat de vente pourra \u00eatre r\u00e9sili\u00e9 et l\u2019acheteur rembours\u00e9. Le Domaine de la Bastidonne pourra fournir par e-mail \u00e0 l\u2019acheteur le num\u00e9ro de suivi de son colis. L\u2019acheteur est livr\u00e9 \u00e0 son domicile par le transporteur. <\/p>\n<h2>Article 7. Garantie<\/h2>\n<p>Les marchandises sont assur\u00e9es par le transporteur pendant leur transport en France m\u00e9tropolitaine et voyagent aux risques et p\u00e9rils du transporteur.<br \/>\nA r\u00e9ception des marchandises, il appartient au destinataire de v\u00e9rifier l&#8217;\u00e9tat des marchandises et de faire toutes constatations n\u00e9cessaires en cas de casse, d&#8217;avaries ou de manquants, en exprimant ses r\u00e9serves sur le bordereau de livraison<\/p>\n<h2>Article 8. Droit de r\u00e9tractation<\/h2>\n<p>En application de l&#8217;article L. 121-16 du Code de la Consommation, le client a la possibilit\u00e9 d&#8217;user de son droit de r\u00e9tractation et de retourner le produit, \u00e0 ses frais, \u00e0 l&#8217;adresse du Domaine de la Bastidonne dans un d\u00e9lai de quatorze (14) jours \u00e0 compter de la livraison, en parfait \u00e9tat et dans son emballage d&#8217;origine avec la facture originale, pour \u00e9change ou remboursement d&#8217;un montant correspondant \u00e0 la valeur du produit retourn\u00e9 ainsi que des frais d&#8217;exp\u00e9dition initiale.<br \/>\nPour exercer le droit de r\u00e9tractation, le client doit notifier sa d\u00e9cision de r\u00e9tractation du pr\u00e9sent contrat avant l\u2019expiration du d\u00e9lai de r\u00e9tractation au moyen d\u2019une d\u00e9claration d\u00e9nu\u00e9e d\u2019ambigu\u00eft\u00e9 (par exemple, lettre envoy\u00e9e par la Poste ou courrier \u00e9lectronique) aux coordonn\u00e9es suivantes :<br \/>\n\tpar e-mail : <a href=\"mailto:domaine.bastidonne@orange.fr\">domaine.bastidonne@orange.fr<\/a><br \/>\npar courrier, \u00e0 l\u2019adresse suivante : Domaine de la Bastidonne &#8211; Quartier Bastidonne &#8211; 84220 Cabri\u00e8res-d\u2019Avignon. <\/p>\n<h2>Article 9. Responsabilit\u00e9<\/h2>\n<p>Le Domaine de la Bastidonne dans le processus de vente \u00e0 distance, n\u2019est tenue que par une obligation de moyens. Sa responsabilit\u00e9 ne pourra \u00eatre engag\u00e9e pour un dommage r\u00e9sultant de l\u2019utilisation du r\u00e9seau Internet tel que perte de donn\u00e9es, intrusion, virus, rupture du service, ou autres probl\u00e8mes involontaires.<\/p>\n<h2>Article 10. Donn\u00e9es \u00e0 caract\u00e8re personnel<\/h2>\n<p>Le Domaine de la Bastidonne s&#8217;engage \u00e0 pr\u00e9server la confidentialit\u00e9 des informations fournies par l\u2019acheteur, qu&#8217;il serait amen\u00e9 \u00e0 transmettre pour l&#8217;utilisation de certains services. Toute information le concernant est soumise aux dispositions de la loi n\u00b0 78-17 du 6 janvier 1978. A ce titre, l&#8217;internaute dispose d&#8217;un droit d&#8217;acc\u00e8s, de modification et de suppression des informations le concernant. Il peut en faire la demande \u00e0 tout moment par courrier \u00e0 l\u2019adresse suivante : Domaine de la Bastidonne &#8211; Quartier de la Bastidonne &#8211; 84220 Cabri\u00e8res-d\u2019Avignon<\/p>\n<h2>Article 11. R\u00e8glement des litiges<\/h2>\n<p>Les pr\u00e9sentes conditions de vente \u00e0 distance sont soumises \u00e0 la loi fran\u00e7aise. Pour tous litiges ou contentieux, le Tribunal comp\u00e9tent sera celui d\u2019Avignon<\/p>\n","protected":false},"excerpt":{"rendered":"<p>Les pr\u00e9sentes conditions de vente s\u2019appliquent \u00e0 la vente des produits se trouvant sur le site www.domaine-la-bastidonne.com Article 1. Objet Les pr\u00e9sentes conditions de vente s\u2019appliquent \u00e0 tout achat de produit effectu\u00e9 par le biais du site internet www.domaine-la-bastidonne.com. L\u2019acquisition d\u2019un produit \u00e0 travers le pr\u00e9sent site implique une acceptation sans r\u00e9serve par l\u2019acheteur des&#8230;<\/p>\n<p><a rel=\"bookmark\" class=\"theme-button-text wolf-core-button wolf-core-button-size-sm\" href=\"https:\/\/www.domaine-la-bastidonne.com\/en\/c-g-v\/\"><span>Continue reading<\/span><\/a><\/p>\n","protected":false},"author":1,"featured_media":0,"parent":0,"menu_order":0,"comment_status":"closed","ping_status":"closed","template":"","meta":{"footnotes":""},"class_list":{"0":"post-7032","1":"page","2":"type-page","3":"status-publish","4":"hentry","5":"entry","6":"clearfix","7":"entry-grid","8":"entry-columns-default","9":"entry-page-module-layout-standard","10":"no-post-thumbnail","11":"entry-page","13":"entry-page-grid"},"yoast_head":"<!-- This site is optimized with the Yoast SEO plugin v23.6 - https:\/\/yoast.com\/wordpress\/plugins\/seo\/ -->\n<title>C.G.V - Domaine de la Bastidonne<\/title>\n<meta name=\"robots\" content=\"index, follow, max-snippet:-1, max-image-preview:large, max-video-preview:-1\" \/>\n<link rel=\"canonical\" href=\"https:\/\/www.domaine-la-bastidonne.com\/en\/c-g-v\/\" \/>\n<meta property=\"og:locale\" content=\"en_US\" \/>\n<meta property=\"og:type\" content=\"article\" \/>\n<meta property=\"og:title\" content=\"C.G.V - Domaine de la Bastidonne\" \/>\n<meta property=\"og:description\" content=\"Les pr\u00e9sentes conditions de vente s\u2019appliquent \u00e0 la vente des produits se trouvant sur le site www.domaine-la-bastidonne.com Article 1. Objet Les pr\u00e9sentes conditions de vente s\u2019appliquent \u00e0 tout achat de produit effectu\u00e9 par le biais du site internet www.domaine-la-bastidonne.com. L\u2019acquisition d\u2019un produit \u00e0 travers le pr\u00e9sent site implique une acceptation sans r\u00e9serve par l\u2019acheteur des...Continue reading\" \/>\n<meta property=\"og:url\" content=\"https:\/\/www.domaine-la-bastidonne.com\/en\/c-g-v\/\" \/>\n<meta property=\"og:site_name\" content=\"Domaine de la Bastidonne\" \/>\n<meta property=\"article:modified_time\" content=\"2024-09-24T14:35:57+00:00\" \/>\n<meta name=\"twitter:card\" content=\"summary_large_image\" \/>\n<meta name=\"twitter:label1\" content=\"Est. reading time\" \/>\n\t<meta name=\"twitter:data1\" content=\"6 minutes\" \/>\n<script type=\"application\/ld+json\" class=\"yoast-schema-graph\">{\"@context\":\"https:\/\/schema.org\",\"@graph\":[{\"@type\":\"WebPage\",\"@id\":\"https:\/\/www.domaine-la-bastidonne.com\/en\/c-g-v\/\",\"url\":\"https:\/\/www.domaine-la-bastidonne.com\/en\/c-g-v\/\",\"name\":\"C.G.V - Domaine de la Bastidonne\",\"isPartOf\":{\"@id\":\"https:\/\/www.domaine-la-bastidonne.com\/#website\"},\"datePublished\":\"2022-05-03T13:16:34+00:00\",\"dateModified\":\"2024-09-24T14:35:57+00:00\",\"breadcrumb\":{\"@id\":\"https:\/\/www.domaine-la-bastidonne.com\/en\/c-g-v\/#breadcrumb\"},\"inLanguage\":\"en-US\",\"potentialAction\":[{\"@type\":\"ReadAction\",\"target\":[\"https:\/\/www.domaine-la-bastidonne.com\/en\/c-g-v\/\"]}]},{\"@type\":\"BreadcrumbList\",\"@id\":\"https:\/\/www.domaine-la-bastidonne.com\/en\/c-g-v\/#breadcrumb\",\"itemListElement\":[{\"@type\":\"ListItem\",\"position\":1,\"name\":\"Accueil\",\"item\":\"https:\/\/www.domaine-la-bastidonne.com\/\"},{\"@type\":\"ListItem\",\"position\":2,\"name\":\"C.G.V\"}]},{\"@type\":\"WebSite\",\"@id\":\"https:\/\/www.domaine-la-bastidonne.com\/#website\",\"url\":\"https:\/\/www.domaine-la-bastidonne.com\/\",\"name\":\"Domaine de la Bastidonne\",\"description\":\"\",\"potentialAction\":[{\"@type\":\"SearchAction\",\"target\":{\"@type\":\"EntryPoint\",\"urlTemplate\":\"https:\/\/www.domaine-la-bastidonne.com\/?s={search_term_string}\"},\"query-input\":{\"@type\":\"PropertyValueSpecification\",\"valueRequired\":true,\"valueName\":\"search_term_string\"}}],\"inLanguage\":\"en-US\"}]}<\/script>\n<!-- \/ Yoast SEO plugin. -->","yoast_head_json":{"title":"C.G.V - Domaine de la Bastidonne","robots":{"index":"index","follow":"follow","max-snippet":"max-snippet:-1","max-image-preview":"max-image-preview:large","max-video-preview":"max-video-preview:-1"},"canonical":"https:\/\/www.domaine-la-bastidonne.com\/en\/c-g-v\/","og_locale":"en_US","og_type":"article","og_title":"C.G.V - Domaine de la Bastidonne","og_description":"Les pr\u00e9sentes conditions de vente s\u2019appliquent \u00e0 la vente des produits se trouvant sur le site www.domaine-la-bastidonne.com Article 1. Objet Les pr\u00e9sentes conditions de vente s\u2019appliquent \u00e0 tout achat de produit effectu\u00e9 par le biais du site internet www.domaine-la-bastidonne.com. L\u2019acquisition d\u2019un produit \u00e0 travers le pr\u00e9sent site implique une acceptation sans r\u00e9serve par l\u2019acheteur des...Continue reading","og_url":"https:\/\/www.domaine-la-bastidonne.com\/en\/c-g-v\/","og_site_name":"Domaine de la Bastidonne","article_modified_time":"2024-09-24T14:35:57+00:00","twitter_card":"summary_large_image","twitter_misc":{"Est. reading time":"6 minutes"},"schema":{"@context":"https:\/\/schema.org","@graph":[{"@type":"WebPage","@id":"https:\/\/www.domaine-la-bastidonne.com\/en\/c-g-v\/","url":"https:\/\/www.domaine-la-bastidonne.com\/en\/c-g-v\/","name":"C.G.V - Domaine de la Bastidonne","isPartOf":{"@id":"https:\/\/www.domaine-la-bastidonne.com\/#website"},"datePublished":"2022-05-03T13:16:34+00:00","dateModified":"2024-09-24T14:35:57+00:00","breadcrumb":{"@id":"https:\/\/www.domaine-la-bastidonne.com\/en\/c-g-v\/#breadcrumb"},"inLanguage":"en-US","potentialAction":[{"@type":"ReadAction","target":["https:\/\/www.domaine-la-bastidonne.com\/en\/c-g-v\/"]}]},{"@type":"BreadcrumbList","@id":"https:\/\/www.domaine-la-bastidonne.com\/en\/c-g-v\/#breadcrumb","itemListElement":[{"@type":"ListItem","position":1,"name":"Accueil","item":"https:\/\/www.domaine-la-bastidonne.com\/"},{"@type":"ListItem","position":2,"name":"C.G.V"}]},{"@type":"WebSite","@id":"https:\/\/www.domaine-la-bastidonne.com\/#website","url":"https:\/\/www.domaine-la-bastidonne.com\/","name":"Domaine de la Bastidonne","description":"","potentialAction":[{"@type":"SearchAction","target":{"@type":"EntryPoint","urlTemplate":"https:\/\/www.domaine-la-bastidonne.com\/?s={search_term_string}"},"query-input":{"@type":"PropertyValueSpecification","valueRequired":true,"valueName":"search_term_string"}}],"inLanguage":"en-US"}]}},"_links":{"self":[{"href":"https:\/\/www.domaine-la-bastidonne.com\/en\/wp-json\/wp\/v2\/pages\/7032","targetHints":{"allow":["GET"]}}],"collection":[{"href":"https:\/\/www.domaine-la-bastidonne.com\/en\/wp-json\/wp\/v2\/pages"}],"about":[{"href":"https:\/\/www.domaine-la-bastidonne.com\/en\/wp-json\/wp\/v2\/types\/page"}],"author":[{"embeddable":true,"href":"https:\/\/www.domaine-la-bastidonne.com\/en\/wp-json\/wp\/v2\/users\/1"}],"replies":[{"embeddable":true,"href":"https:\/\/www.domaine-la-bastidonne.com\/en\/wp-json\/wp\/v2\/comments?post=7032"}],"version-history":[{"count":1,"href":"https:\/\/www.domaine-la-bastidonne.com\/en\/wp-json\/wp\/v2\/pages\/7032\/revisions"}],"predecessor-version":[{"id":7037,"href":"https:\/\/www.domaine-la-bastidonne.com\/en\/wp-json\/wp\/v2\/pages\/7032\/revisions\/7037"}],"wp:attachment":[{"href":"https:\/\/www.domaine-la-bastidonne.com\/en\/wp-json\/wp\/v2\/media?parent=7032"}],"curies":[{"name":"wp","href":"https:\/\/api.w.org\/{rel}","templated":true}]}}