{"id":7018,"date":"2024-02-14T16:05:50","date_gmt":"2024-02-14T15:05:50","guid":{"rendered":"https:\/\/www.domaine-la-bastidonne.com\/privacy-policy\/"},"modified":"2024-09-24T15:33:26","modified_gmt":"2024-09-24T13:33:26","slug":"privacy-policy","status":"publish","type":"page","link":"https:\/\/www.domaine-la-bastidonne.com\/en\/privacy-policy\/","title":{"rendered":"Privacy policy"},"content":{"rendered":"&#13;\r\n<h2 class=\"wp-block-heading\">1.Collecte de l\u2019information<\/h2>&#13;\r\n&#13;\r\n<p><strong class=\"privacy-policy-tutorial\">Nous recueillons des informations lorsque vous vous inscrivez sur notre site, lorsque vous vous connectez \u00e0 votre compte, faites un achat. Les informations recueillies incluent votre nom, votre adresse e-mail, num\u00e9ro de t\u00e9l\u00e9phone. En outre, nous recevons et enregistrons automatiquement des informations \u00e0 partir de votre ordinateur et navigateur, y compris votre adresse IP, vos logiciels et votre mat\u00e9riel, et la page que vous demandez.<\/strong><\/p>&#13;\r\n&#13;\r\n<h2 class=\"wp-block-heading\">2. Utilisation des informations<\/h2>&#13;\r\n&#13;\r\n<p><strong class=\"privacy-policy-tutorial\">Toutes les informations que nous recueillons aupr\u00e8s de vous peuvent \u00eatre utilis\u00e9es pour : &#8211; Personnaliser votre exp\u00e9rience et r\u00e9pondre \u00e0 vos besoins individuels &#8211; Am\u00e9liorer notre site &#8211; Am\u00e9liorer le service client et vos besoins de prise en charge &#8211; Vous contacter par e-mail<\/strong><\/p>&#13;\r\n<p><!-- \/wp:post-content --><\/p>\r\n<p><!-- wp:heading --><\/p>\r\n<h2>3. Confidentialit\u00e9 du commerce en ligne<\/h2>\r\n<p><!-- \/wp:heading --><\/p>\r\n<p><!-- wp:paragraph --><\/p>\r\n<p><strong class=\"privacy-policy-tutorial\">Nous sommes les seuls propri\u00e9taires des informations recueillies sur ce site. Vos informations personnelles ne seront pas vendues, \u00e9chang\u00e9es, transf\u00e9r\u00e9es, ou donn\u00e9es \u00e0 une autre soci\u00e9t\u00e9 pour n\u2019importe quelle raison, sans votre consentement, en dehors de ce qui est n\u00e9cessaire pour r\u00e9pondre \u00e0 une demande et \/ ou une transaction, comme par exemple pour exp\u00e9dier une commande.<\/strong><\/p>\r\n<p><!-- \/wp:paragraph --><\/p>\r\n<p><!-- wp:heading --><\/p>\r\n<h2>Divulgation \u00e0 des tiers<\/h2>\r\n<p><!-- \/wp:heading --><\/p>\r\n<p><!-- wp:paragraph --><\/p>\r\n<p><strong class=\"privacy-policy-tutorial\">Nous ne vendons, n\u2019\u00e9changeons et ne transf\u00e9rons pas vos informations personnelles identifiables \u00e0 des tiers. Cela ne comprend pas les tierce parties de confiance qui nous aident \u00e0 exploiter notre site Web ou \u00e0 mener nos affaires, tant que ces parties conviennent de garder ces informations confidentielles. Nous pensons qu\u2019il est n\u00e9cessaire de partager des informations afin d\u2019enqu\u00eater, de pr\u00e9venir ou de prendre des mesures concernant des activit\u00e9s ill\u00e9gales, fraudes pr\u00e9sum\u00e9es, situations impliquant des menaces potentielles \u00e0 la s\u00e9curit\u00e9 physique de toute personne, violations de nos conditions d\u2019utilisation, ou quand la loi nous y contraint.<\/strong><\/p>\r\n<p><!-- wp:heading --><\/p>\r\n<h2>Protection des informations<\/h2>\r\n<p><strong class=\"privacy-policy-tutorial\">Nous mettons en \u0153uvre une vari\u00e9t\u00e9 de mesures de s\u00e9curit\u00e9 pour pr\u00e9server la s\u00e9curit\u00e9 de vos informations personnelles. Toutefois, il est \u00e0 signaler qu\u2019internet n\u2019est pas un environnement compl\u00e8tement s\u00e9curis\u00e9 et le site ne peut pas garantir la s\u00e9curit\u00e9 de la transmission ou du stockage des informations sur internet<\/strong><\/p>\r\n<h2>Utilisation des cookies<\/h2>\r\n<p><!-- \/wp:heading --><\/p>\r\n<p><!-- wp:paragraph --><\/p>\r\n<p><strong class=\"privacy-policy-tutorial\">Nos cookies am\u00e9liorent l\u2019acc\u00e8s \u00e0 notre site et identifient les visiteurs r\u00e9guliers. En outre, nos cookies am\u00e9liorent l\u2019exp\u00e9rience d\u2019utilisateur gr\u00e2ce au suivi et au ciblage de ses int\u00e9r\u00eats. Cependant, cette utilisation des cookies n\u2019est en aucune fa\u00e7on li\u00e9e \u00e0 des informations personnelles identifiables sur notre site.<\/strong><\/p>\r\n<p><!-- \/wp:paragraph --><\/p>\r\n<p><!-- wp:heading --><\/p>\r\n<h2>Se d\u00e9sabonner<\/h2>\r\n<p><!-- \/wp:heading --><\/p>\r\n<p><!-- wp:paragraph --><\/p>\r\n<p><strong class=\"privacy-policy-tutorial\">Nous utilisons l\u2019adresse e-mail que vous fournissez pour vous envoyer des informations et mises \u00e0 jour relatives \u00e0 votre commande, des nouvelles de l\u2019entreprise de fa\u00e7on occasionnelle, des informations sur des produits li\u00e9s, etc. Si \u00e0 n\u2019importe quel moment vous souhaitez vous d\u00e9sinscrire et ne plus recevoir d\u2019e-mails, des instructions de d\u00e9sabonnement d\u00e9taill\u00e9es sont incluses en bas de chaque e-mail.<\/strong><\/p>\r\n<p><!-- \/wp:paragraph --><\/p>\r\n<h2>7. Consentement<\/h2>\r\n<p><!-- \/wp:paragraph --><\/p>\r\n<p><!-- wp:paragraph --><\/p>\r\n<p><strong class=\"privacy-policy-tutorial\">En utilisant notre site, vous consentez \u00e0 notre politique de confidentialit\u00e9.<\/strong><\/p>\r\n<p><!-- \/wp:paragraph --><\/p>\r\n<p><!-- wp:heading --><\/p>\r\n<p>&nbsp;<\/p>\r\n","protected":false},"excerpt":{"rendered":"<p>&#13; 1.Collecte de l\u2019information &#13; &#13; Nous recueillons des informations lorsque vous vous inscrivez sur notre site, lorsque vous vous connectez \u00e0 votre compte, faites un achat. Les informations recueillies incluent votre nom, votre adresse e-mail, num\u00e9ro de t\u00e9l\u00e9phone. En outre, nous recevons et enregistrons automatiquement des informations \u00e0 partir de votre ordinateur et navigateur,&#8230;<\/p>\n<p><a rel=\"bookmark\" class=\"theme-button-text wolf-core-button wolf-core-button-size-sm\" href=\"https:\/\/www.domaine-la-bastidonne.com\/en\/privacy-policy\/\"><span>Continue reading<\/span><\/a><\/p>\n","protected":false},"author":1,"featured_media":0,"parent":0,"menu_order":0,"comment_status":"closed","ping_status":"open","template":"","meta":{"footnotes":""},"class_list":{"0":"post-7018","1":"page","2":"type-page","3":"status-publish","4":"hentry","5":"entry","6":"clearfix","7":"entry-grid","8":"entry-columns-default","9":"entry-page-module-layout-standard","10":"no-post-thumbnail","11":"entry-page","13":"entry-page-grid"},"yoast_head":"<!-- This site is optimized with the Yoast SEO plugin v23.6 - https:\/\/yoast.com\/wordpress\/plugins\/seo\/ -->\n<title>Privacy policy - Domaine de la Bastidonne<\/title>\n<meta name=\"robots\" content=\"index, follow, max-snippet:-1, max-image-preview:large, max-video-preview:-1\" \/>\n<link rel=\"canonical\" href=\"https:\/\/www.domaine-la-bastidonne.com\/en\/privacy-policy\/\" \/>\n<meta property=\"og:locale\" content=\"en_US\" \/>\n<meta property=\"og:type\" content=\"article\" \/>\n<meta property=\"og:title\" content=\"Privacy policy - Domaine de la Bastidonne\" \/>\n<meta property=\"og:description\" content=\"&#013; 1.Collecte de l\u2019information &#013; &#013; Nous recueillons des informations lorsque vous vous inscrivez sur notre site, lorsque vous vous connectez \u00e0 votre compte, faites un achat. Les informations recueillies incluent votre nom, votre adresse e-mail, num\u00e9ro de t\u00e9l\u00e9phone. En outre, nous recevons et enregistrons automatiquement des informations \u00e0 partir de votre ordinateur et navigateur,...Continue reading\" \/>\n<meta property=\"og:url\" content=\"https:\/\/www.domaine-la-bastidonne.com\/en\/privacy-policy\/\" \/>\n<meta property=\"og:site_name\" content=\"Domaine de la Bastidonne\" \/>\n<meta property=\"article:modified_time\" content=\"2024-09-24T13:33:26+00:00\" \/>\n<meta name=\"twitter:card\" content=\"summary_large_image\" \/>\n<meta name=\"twitter:label1\" content=\"Est. reading time\" \/>\n\t<meta name=\"twitter:data1\" content=\"3 minutes\" \/>\n<script type=\"application\/ld+json\" class=\"yoast-schema-graph\">{\"@context\":\"https:\/\/schema.org\",\"@graph\":[{\"@type\":\"WebPage\",\"@id\":\"https:\/\/www.domaine-la-bastidonne.com\/en\/privacy-policy\/\",\"url\":\"https:\/\/www.domaine-la-bastidonne.com\/en\/privacy-policy\/\",\"name\":\"Privacy policy - Domaine de la Bastidonne\",\"isPartOf\":{\"@id\":\"https:\/\/www.domaine-la-bastidonne.com\/#website\"},\"datePublished\":\"2024-02-14T15:05:50+00:00\",\"dateModified\":\"2024-09-24T13:33:26+00:00\",\"breadcrumb\":{\"@id\":\"https:\/\/www.domaine-la-bastidonne.com\/en\/privacy-policy\/#breadcrumb\"},\"inLanguage\":\"en-US\",\"potentialAction\":[{\"@type\":\"ReadAction\",\"target\":[\"https:\/\/www.domaine-la-bastidonne.com\/en\/privacy-policy\/\"]}]},{\"@type\":\"BreadcrumbList\",\"@id\":\"https:\/\/www.domaine-la-bastidonne.com\/en\/privacy-policy\/#breadcrumb\",\"itemListElement\":[{\"@type\":\"ListItem\",\"position\":1,\"name\":\"Accueil\",\"item\":\"https:\/\/www.domaine-la-bastidonne.com\/\"},{\"@type\":\"ListItem\",\"position\":2,\"name\":\"Privacy policy\"}]},{\"@type\":\"WebSite\",\"@id\":\"https:\/\/www.domaine-la-bastidonne.com\/#website\",\"url\":\"https:\/\/www.domaine-la-bastidonne.com\/\",\"name\":\"Domaine de la Bastidonne\",\"description\":\"\",\"potentialAction\":[{\"@type\":\"SearchAction\",\"target\":{\"@type\":\"EntryPoint\",\"urlTemplate\":\"https:\/\/www.domaine-la-bastidonne.com\/?s={search_term_string}\"},\"query-input\":{\"@type\":\"PropertyValueSpecification\",\"valueRequired\":true,\"valueName\":\"search_term_string\"}}],\"inLanguage\":\"en-US\"}]}<\/script>\n<!-- \/ Yoast SEO plugin. -->","yoast_head_json":{"title":"Privacy policy - Domaine de la Bastidonne","robots":{"index":"index","follow":"follow","max-snippet":"max-snippet:-1","max-image-preview":"max-image-preview:large","max-video-preview":"max-video-preview:-1"},"canonical":"https:\/\/www.domaine-la-bastidonne.com\/en\/privacy-policy\/","og_locale":"en_US","og_type":"article","og_title":"Privacy policy - Domaine de la Bastidonne","og_description":"&#13; 1.Collecte de l\u2019information &#13; &#13; Nous recueillons des informations lorsque vous vous inscrivez sur notre site, lorsque vous vous connectez \u00e0 votre compte, faites un achat. Les informations recueillies incluent votre nom, votre adresse e-mail, num\u00e9ro de t\u00e9l\u00e9phone. En outre, nous recevons et enregistrons automatiquement des informations \u00e0 partir de votre ordinateur et navigateur,...Continue reading","og_url":"https:\/\/www.domaine-la-bastidonne.com\/en\/privacy-policy\/","og_site_name":"Domaine de la Bastidonne","article_modified_time":"2024-09-24T13:33:26+00:00","twitter_card":"summary_large_image","twitter_misc":{"Est. reading time":"3 minutes"},"schema":{"@context":"https:\/\/schema.org","@graph":[{"@type":"WebPage","@id":"https:\/\/www.domaine-la-bastidonne.com\/en\/privacy-policy\/","url":"https:\/\/www.domaine-la-bastidonne.com\/en\/privacy-policy\/","name":"Privacy policy - Domaine de la Bastidonne","isPartOf":{"@id":"https:\/\/www.domaine-la-bastidonne.com\/#website"},"datePublished":"2024-02-14T15:05:50+00:00","dateModified":"2024-09-24T13:33:26+00:00","breadcrumb":{"@id":"https:\/\/www.domaine-la-bastidonne.com\/en\/privacy-policy\/#breadcrumb"},"inLanguage":"en-US","potentialAction":[{"@type":"ReadAction","target":["https:\/\/www.domaine-la-bastidonne.com\/en\/privacy-policy\/"]}]},{"@type":"BreadcrumbList","@id":"https:\/\/www.domaine-la-bastidonne.com\/en\/privacy-policy\/#breadcrumb","itemListElement":[{"@type":"ListItem","position":1,"name":"Accueil","item":"https:\/\/www.domaine-la-bastidonne.com\/"},{"@type":"ListItem","position":2,"name":"Privacy policy"}]},{"@type":"WebSite","@id":"https:\/\/www.domaine-la-bastidonne.com\/#website","url":"https:\/\/www.domaine-la-bastidonne.com\/","name":"Domaine de la Bastidonne","description":"","potentialAction":[{"@type":"SearchAction","target":{"@type":"EntryPoint","urlTemplate":"https:\/\/www.domaine-la-bastidonne.com\/?s={search_term_string}"},"query-input":{"@type":"PropertyValueSpecification","valueRequired":true,"valueName":"search_term_string"}}],"inLanguage":"en-US"}]}},"_links":{"self":[{"href":"https:\/\/www.domaine-la-bastidonne.com\/en\/wp-json\/wp\/v2\/pages\/7018","targetHints":{"allow":["GET"]}}],"collection":[{"href":"https:\/\/www.domaine-la-bastidonne.com\/en\/wp-json\/wp\/v2\/pages"}],"about":[{"href":"https:\/\/www.domaine-la-bastidonne.com\/en\/wp-json\/wp\/v2\/types\/page"}],"author":[{"embeddable":true,"href":"https:\/\/www.domaine-la-bastidonne.com\/en\/wp-json\/wp\/v2\/users\/1"}],"replies":[{"embeddable":true,"href":"https:\/\/www.domaine-la-bastidonne.com\/en\/wp-json\/wp\/v2\/comments?post=7018"}],"version-history":[{"count":1,"href":"https:\/\/www.domaine-la-bastidonne.com\/en\/wp-json\/wp\/v2\/pages\/7018\/revisions"}],"predecessor-version":[{"id":7019,"href":"https:\/\/www.domaine-la-bastidonne.com\/en\/wp-json\/wp\/v2\/pages\/7018\/revisions\/7019"}],"wp:attachment":[{"href":"https:\/\/www.domaine-la-bastidonne.com\/en\/wp-json\/wp\/v2\/media?parent=7018"}],"curies":[{"name":"wp","href":"https:\/\/api.w.org\/{rel}","templated":true}]}}