{"id":7017,"date":"2022-05-03T15:16:53","date_gmt":"2022-05-03T13:16:53","guid":{"rendered":"https:\/\/www.domaine-la-bastidonne.com\/legal-notices\/"},"modified":"2024-09-24T15:32:17","modified_gmt":"2024-09-24T13:32:17","slug":"legal-notices","status":"publish","type":"page","link":"https:\/\/www.domaine-la-bastidonne.com\/en\/legal-notices\/","title":{"rendered":"Legal notices"},"content":{"rendered":"<h2>PROPRI\u00c9TAIRE ET \u00c9DITEUR DU SITE<\/h2>\n<p>Ce site https:\/\/www.domaine-la-bastidonne.com est l\u2019enti\u00e8re propri\u00e9t\u00e9 du Domaine de la Bastidonne \u00e0 Cabri\u00e8res d&#8217;Avignon.<\/p>\n<p>Directeur de la publication : G\u00e9rard Marreau<br \/>\nResponsable l\u00e9gal : G\u00e9rard Marreau<br \/>\nAdresse : Quartier de la Bastidonne 84220 Cabri\u00e8res-d\u2019Avignon<br \/>\nT\u00e9l\u00e9phone : +33 (0)4 90 76 70 00<br \/>\nEmail : domaine.bastidonne@orange.fr<br \/>\nSIREN :<br \/>\nSIRET :<br \/>\nCode APE :<br \/>\nNum\u00e9ro individuel d&#8217;identification \u00e0 la TVA :<\/p>\n<h2>CONCEPTION \u2013 R\u00c9ALISATION<\/h2>\n<p>Soci\u00e9t\u00e9 : Bleu de Chauffe Solutions<br \/>\nBernard Conejero<br \/>\n6 rue Boulouvard &#8211; 13200 Arles<br \/>\nSIRET : 480\u00a0255\u00a0165 00015<br \/>\nCode APE : 1813Z<br \/>\nEmail : solutions@bleudechauffe.com<\/p>\n<h2>H\u00c9BERGEMENT<\/h2>\n<p>OVH Adresse : 2 rue Kellermann \u2013 59100 Roubaix \u2013 France<br \/>\nT\u00e9l\u00e9phone : 09 72 10 10 07<\/p>\n<h2>DONN\u00c9ES PERSONNELLES :<\/h2>\n<p>Aucune donn\u00e9e personnelle ou nominative n\u2019est collect\u00e9e sur ce site. Dans le cadre du secret professionnel Le Domaine de la Bastidonne ne donne, ne vend, ni ne loue les renseignements personnels \u00e0 aucune entreprise ou personne.<\/p>\n<h2>COOKIES :<\/h2>\n<p>Le site www.domaine-la-bastidonne utilise des cookies uniquement \u00e0 des fins statistiques. Pour supprimer les cookies laiss\u00e9s par votre navigateur, veuillez vous r\u00e9f\u00e9rer \u00e0 la rubrique d\u2019aide du navigateur, rubrique \u00ab\u00a0confidentialit\u00e9\u00a0\u00bb..<\/p>\n<h2>CONTENU DU SITE :<\/h2>\n<p>Le Domaine de la Bastidonne d\u00e9cline toute responsabilit\u00e9 pour les \u00e9ventuelles impr\u00e9cisions, inexactitude ou omission portant sur des informations disponibles sur ce site.<\/p>\n<h2>PROPRI\u00c9T\u00c9 INTELLECTUELLE :<\/h2>\n<p>Le site www.domaine-la-bastidonne, ainsi que tous les \u00e9l\u00e9ments le composant (notamment textes, photographies, vid\u00e9os, marques, \u2026), constituent une \u0153uvre au sens des articles 112-2 et suivants du code de la Propri\u00e9t\u00e9 Intellectuelle, relevant en tant que telle de la l\u00e9gislation fran\u00e7aise et internationale sur la Propri\u00e9t\u00e9 Litt\u00e9raire et Artistique. La copie de pages du site sur quelque support que ce soit (y compris disque dur), est autoris\u00e9e \u00e0 des fins priv\u00e9es uniquement. En cons\u00e9quence, toute repr\u00e9sentation ou reproduction, m\u00eame partielle, qui pourrait \u00eatre faite du site ou des \u00e9l\u00e9ments le composant, \u00e0 des fins commerciales, sans le consentement pr\u00e9alable et \u00e9crit du Domaine de la Bastidonne, est illicite et susceptible de constituer un acte de contrefa\u00e7on engageant les responsabilit\u00e9s civile et p\u00e9nale du contrefacteur.<\/p>\n<h2>LIENS HYPERTEXTES :<\/h2>\n<p>Les liens hypertextes mis en place dans le cadre du pr\u00e9sent site internet en direction d\u2019autres sites pr\u00e9sents sur le r\u00e9seau Internet, ne sauraient engager la responsabilit\u00e9 du Domaine de la Bastidonne en ce qui concerne leur contenu ou les liens qu\u2019ils contiennent, ainsi que leurs conditions d\u2019exploitation (notamment gestion des donn\u00e9es personnelles,\u2026) . Tout lien hypertexte profond, ou utilisant la technique du \u00a0\u00bb framing \u00a0\u00bb (affichage d\u2019une page dans un cadre au sein d\u2019un autre site), est interdit. Exon\u00e9ration de la responsabilit\u00e9 technique du Domaine de la Bastidonne s\u2019engage \u00e0 faire tous les efforts n\u00e9cessaires pour que le site internet www.domaine-la-bastidonne soit accessible \u00e0 tout moment. N\u00e9anmoins, le Domaine de la Bastidonne d\u00e9cline toute responsabilit\u00e9 en cas de difficult\u00e9 d\u2019acc\u00e8s \u00e0 son site ou d\u2019interruptions dans la connexion, quelles qu\u2019en soient les causes. Notamment, le Domaine de la Bastidonne\u00a0se r\u00e9serve le droit de proc\u00e9der \u00e0 toute modification du site qu\u2019il jugera utile, et cela sans avertissement pr\u00e9alable et m\u00eame si l\u2019acc\u00e8s au site en est cons\u00e9quemment interrompu. De plus, le Domaine de la Bastidonne\u00a0ne saurait \u00eatre tenu responsable des \u00e9ventuels dommages directs ou indirects, y compris l\u2019inaccessibilit\u00e9 au site, les pertes de donn\u00e9es, d\u00e9t\u00e9riorations, destructions qui pourraient affecter votre \u00e9quipement informatique.<\/p>\n<h2>DROIT D\u2019AUTEUR :<\/h2>\n<p>La loi fran\u00e7aise du 11 mars 1957 (art. 40, alin\u00e9a 1 et art. 41, alin\u00e9as 2 et 3) n\u2019autorise que les \u00abcopies ou reproductions strictement r\u00e9serv\u00e9es \u00e0 l\u2019usage priv\u00e9 du copiste et non destin\u00e9es \u00e0 une utilisation collective\u00bb<br \/>\nElle stipule donc que \u00abtoute repr\u00e9sentation ou reproduction int\u00e9grale, ou partielle, faite sans le consentement de l\u2019auteur ou de ses ayants droit ou ayants cause, est illicite\u00bb.<br \/>\nToute repr\u00e9sentation ou reproduction abusive du site www.domaine-la-bastidonne (par quelque proc\u00e9dure que ce soit) constitue une contrefa\u00e7on sanctionn\u00e9e par les articles 425 et suivants du Code p\u00e9nal.<br \/>\nLes textes mis en ligne sur le site www.domaine-la-bastidonne, sauf mentions particuli\u00e8res, sont la propri\u00e9t\u00e9 intellectuelle et l\u00e9gale de leurs auteurs.<br \/>\nDans tous les cas, ils ne peuvent \u00eatre reproduits qu\u2019\u00e0 la condition de pr\u00e9venir le Domaine de la Bastidonne, et de ne pas employer de frame (ou redirection).<\/p>\n<h2>CNIL :<\/h2>\n<p>Conform\u00e9ment \u00e0 la loi \u00abInformatique et Libert\u00e9s\u00bb en date du 6 janvier 1978, vous disposez d\u2019un droit d\u2019acc\u00e8s, de rectification, de modification et de suppression concernant les donn\u00e9es qui vous concernent.<br \/>\nVous pouvez exercer ce droit en envoyant un email \u00e0 l\u2019adresse suivante : <a href=\"mailto:solutions@bleudechauffe.com\">Cliquez ici<\/a><br \/>\nLes hyperliens pr\u00e9sents sur ce site sont susceptibles d\u2019entra\u00eener l\u2019internaute vers des sites ext\u00e9rieurs dont le contenu ne peut en aucune mani\u00e8re engager la responsabilit\u00e9 de la r\u00e9daction du site www.domaine-la-bastidonne.<\/p>\n","protected":false},"excerpt":{"rendered":"<p>PROPRI\u00c9TAIRE ET \u00c9DITEUR DU SITE Ce site https:\/\/www.domaine-la-bastidonne.com est l\u2019enti\u00e8re propri\u00e9t\u00e9 du Domaine de la Bastidonne \u00e0 Cabri\u00e8res d&#8217;Avignon. Directeur de la publication : G\u00e9rard Marreau Responsable l\u00e9gal : G\u00e9rard Marreau Adresse : Quartier de la Bastidonne 84220 Cabri\u00e8res-d\u2019Avignon T\u00e9l\u00e9phone : +33 (0)4 90 76 70 00 Email : domaine.bastidonne@orange.fr SIREN : SIRET : Code&#8230;<\/p>\n<p><a rel=\"bookmark\" class=\"theme-button-text wolf-core-button wolf-core-button-size-sm\" href=\"https:\/\/www.domaine-la-bastidonne.com\/en\/legal-notices\/\"><span>Continue reading<\/span><\/a><\/p>\n","protected":false},"author":1,"featured_media":0,"parent":0,"menu_order":0,"comment_status":"closed","ping_status":"closed","template":"","meta":{"footnotes":""},"class_list":{"0":"post-7017","1":"page","2":"type-page","3":"status-publish","4":"hentry","5":"entry","6":"clearfix","7":"entry-grid","8":"entry-columns-default","9":"entry-page-module-layout-standard","10":"no-post-thumbnail","11":"entry-page","13":"entry-page-grid"},"yoast_head":"<!-- This site is optimized with the Yoast SEO plugin v23.6 - https:\/\/yoast.com\/wordpress\/plugins\/seo\/ -->\n<title>Legal notices - Domaine de la Bastidonne<\/title>\n<meta name=\"robots\" content=\"index, follow, max-snippet:-1, max-image-preview:large, max-video-preview:-1\" \/>\n<link rel=\"canonical\" href=\"https:\/\/www.domaine-la-bastidonne.com\/en\/legal-notices\/\" \/>\n<meta property=\"og:locale\" content=\"en_US\" \/>\n<meta property=\"og:type\" content=\"article\" \/>\n<meta property=\"og:title\" content=\"Legal notices - Domaine de la Bastidonne\" \/>\n<meta property=\"og:description\" content=\"PROPRI\u00c9TAIRE ET \u00c9DITEUR DU SITE Ce site https:\/\/www.domaine-la-bastidonne.com est l\u2019enti\u00e8re propri\u00e9t\u00e9 du Domaine de la Bastidonne \u00e0 Cabri\u00e8res d&#8217;Avignon. Directeur de la publication : G\u00e9rard Marreau Responsable l\u00e9gal : G\u00e9rard Marreau Adresse : Quartier de la Bastidonne 84220 Cabri\u00e8res-d\u2019Avignon T\u00e9l\u00e9phone : +33 (0)4 90 76 70 00 Email : domaine.bastidonne@orange.fr SIREN : SIRET : Code...Continue reading\" \/>\n<meta property=\"og:url\" content=\"https:\/\/www.domaine-la-bastidonne.com\/en\/legal-notices\/\" \/>\n<meta property=\"og:site_name\" content=\"Domaine de la Bastidonne\" \/>\n<meta property=\"article:modified_time\" content=\"2024-09-24T13:32:17+00:00\" \/>\n<meta name=\"twitter:card\" content=\"summary_large_image\" \/>\n<meta name=\"twitter:label1\" content=\"Est. reading time\" \/>\n\t<meta name=\"twitter:data1\" content=\"4 minutes\" \/>\n<script type=\"application\/ld+json\" class=\"yoast-schema-graph\">{\"@context\":\"https:\/\/schema.org\",\"@graph\":[{\"@type\":\"WebPage\",\"@id\":\"https:\/\/www.domaine-la-bastidonne.com\/en\/legal-notices\/\",\"url\":\"https:\/\/www.domaine-la-bastidonne.com\/en\/legal-notices\/\",\"name\":\"Legal notices - Domaine de la Bastidonne\",\"isPartOf\":{\"@id\":\"https:\/\/www.domaine-la-bastidonne.com\/#website\"},\"datePublished\":\"2022-05-03T13:16:53+00:00\",\"dateModified\":\"2024-09-24T13:32:17+00:00\",\"breadcrumb\":{\"@id\":\"https:\/\/www.domaine-la-bastidonne.com\/en\/legal-notices\/#breadcrumb\"},\"inLanguage\":\"en-US\",\"potentialAction\":[{\"@type\":\"ReadAction\",\"target\":[\"https:\/\/www.domaine-la-bastidonne.com\/en\/legal-notices\/\"]}]},{\"@type\":\"BreadcrumbList\",\"@id\":\"https:\/\/www.domaine-la-bastidonne.com\/en\/legal-notices\/#breadcrumb\",\"itemListElement\":[{\"@type\":\"ListItem\",\"position\":1,\"name\":\"Accueil\",\"item\":\"https:\/\/www.domaine-la-bastidonne.com\/\"},{\"@type\":\"ListItem\",\"position\":2,\"name\":\"Legal notices\"}]},{\"@type\":\"WebSite\",\"@id\":\"https:\/\/www.domaine-la-bastidonne.com\/#website\",\"url\":\"https:\/\/www.domaine-la-bastidonne.com\/\",\"name\":\"Domaine de la Bastidonne\",\"description\":\"\",\"potentialAction\":[{\"@type\":\"SearchAction\",\"target\":{\"@type\":\"EntryPoint\",\"urlTemplate\":\"https:\/\/www.domaine-la-bastidonne.com\/?s={search_term_string}\"},\"query-input\":{\"@type\":\"PropertyValueSpecification\",\"valueRequired\":true,\"valueName\":\"search_term_string\"}}],\"inLanguage\":\"en-US\"}]}<\/script>\n<!-- \/ Yoast SEO plugin. -->","yoast_head_json":{"title":"Legal notices - Domaine de la Bastidonne","robots":{"index":"index","follow":"follow","max-snippet":"max-snippet:-1","max-image-preview":"max-image-preview:large","max-video-preview":"max-video-preview:-1"},"canonical":"https:\/\/www.domaine-la-bastidonne.com\/en\/legal-notices\/","og_locale":"en_US","og_type":"article","og_title":"Legal notices - Domaine de la Bastidonne","og_description":"PROPRI\u00c9TAIRE ET \u00c9DITEUR DU SITE Ce site https:\/\/www.domaine-la-bastidonne.com est l\u2019enti\u00e8re propri\u00e9t\u00e9 du Domaine de la Bastidonne \u00e0 Cabri\u00e8res d&#8217;Avignon. Directeur de la publication : G\u00e9rard Marreau Responsable l\u00e9gal : G\u00e9rard Marreau Adresse : Quartier de la Bastidonne 84220 Cabri\u00e8res-d\u2019Avignon T\u00e9l\u00e9phone : +33 (0)4 90 76 70 00 Email : domaine.bastidonne@orange.fr SIREN : SIRET : Code...Continue reading","og_url":"https:\/\/www.domaine-la-bastidonne.com\/en\/legal-notices\/","og_site_name":"Domaine de la Bastidonne","article_modified_time":"2024-09-24T13:32:17+00:00","twitter_card":"summary_large_image","twitter_misc":{"Est. reading time":"4 minutes"},"schema":{"@context":"https:\/\/schema.org","@graph":[{"@type":"WebPage","@id":"https:\/\/www.domaine-la-bastidonne.com\/en\/legal-notices\/","url":"https:\/\/www.domaine-la-bastidonne.com\/en\/legal-notices\/","name":"Legal notices - Domaine de la Bastidonne","isPartOf":{"@id":"https:\/\/www.domaine-la-bastidonne.com\/#website"},"datePublished":"2022-05-03T13:16:53+00:00","dateModified":"2024-09-24T13:32:17+00:00","breadcrumb":{"@id":"https:\/\/www.domaine-la-bastidonne.com\/en\/legal-notices\/#breadcrumb"},"inLanguage":"en-US","potentialAction":[{"@type":"ReadAction","target":["https:\/\/www.domaine-la-bastidonne.com\/en\/legal-notices\/"]}]},{"@type":"BreadcrumbList","@id":"https:\/\/www.domaine-la-bastidonne.com\/en\/legal-notices\/#breadcrumb","itemListElement":[{"@type":"ListItem","position":1,"name":"Accueil","item":"https:\/\/www.domaine-la-bastidonne.com\/"},{"@type":"ListItem","position":2,"name":"Legal notices"}]},{"@type":"WebSite","@id":"https:\/\/www.domaine-la-bastidonne.com\/#website","url":"https:\/\/www.domaine-la-bastidonne.com\/","name":"Domaine de la Bastidonne","description":"","potentialAction":[{"@type":"SearchAction","target":{"@type":"EntryPoint","urlTemplate":"https:\/\/www.domaine-la-bastidonne.com\/?s={search_term_string}"},"query-input":{"@type":"PropertyValueSpecification","valueRequired":true,"valueName":"search_term_string"}}],"inLanguage":"en-US"}]}},"_links":{"self":[{"href":"https:\/\/www.domaine-la-bastidonne.com\/en\/wp-json\/wp\/v2\/pages\/7017","targetHints":{"allow":["GET"]}}],"collection":[{"href":"https:\/\/www.domaine-la-bastidonne.com\/en\/wp-json\/wp\/v2\/pages"}],"about":[{"href":"https:\/\/www.domaine-la-bastidonne.com\/en\/wp-json\/wp\/v2\/types\/page"}],"author":[{"embeddable":true,"href":"https:\/\/www.domaine-la-bastidonne.com\/en\/wp-json\/wp\/v2\/users\/1"}],"replies":[{"embeddable":true,"href":"https:\/\/www.domaine-la-bastidonne.com\/en\/wp-json\/wp\/v2\/comments?post=7017"}],"version-history":[{"count":1,"href":"https:\/\/www.domaine-la-bastidonne.com\/en\/wp-json\/wp\/v2\/pages\/7017\/revisions"}],"predecessor-version":[{"id":7029,"href":"https:\/\/www.domaine-la-bastidonne.com\/en\/wp-json\/wp\/v2\/pages\/7017\/revisions\/7029"}],"wp:attachment":[{"href":"https:\/\/www.domaine-la-bastidonne.com\/en\/wp-json\/wp\/v2\/media?parent=7017"}],"curies":[{"name":"wp","href":"https:\/\/api.w.org\/{rel}","templated":true}]}}